{"id":376101,"date":"2025-10-20T09:07:35","date_gmt":"2025-10-20T12:07:35","guid":{"rendered":"https:\/\/www.empresa1.com.br\/?page_id=376101"},"modified":"2025-10-20T10:02:02","modified_gmt":"2025-10-20T13:02:02","slug":"somosmodaxo","status":"publish","type":"page","link":"https:\/\/www.empresa1.com.br\/es\/somosmodaxo\/","title":{"rendered":"#SomosModaxo"},"content":{"rendered":"<p>&nbsp;<\/p>\n<p><strong>Empresa 1 forma parte del grupo Modaxo:<\/strong><\/p>\n<p>Somos Modaxo \u2014 un colectivo global de empresas de tecnolog\u00eda apasionadas por mover a las personas del mundo.<\/p>\n<p><strong>La Fam\u00edlia Modaxo: <a href=\"https:\/\/modaxo.com\/es\/people-transportation-brands\/\">Nuestras Empresas \u2013 Ver Todas<\/a><\/strong><\/p>\n<p data-start=\"0\" data-end=\"134\">Modaxo adquiere, fortalece y hace crecer empresas de tecnolog\u00eda que posibilitan el desplazamiento diario de las personas \u2014 y nunca las vende.<\/p>\n<p data-start=\"141\" data-end=\"428\">Las empresas de Modaxo ofrecen soluciones tecnol\u00f3gicas que respaldan todos los aspectos de c\u00f3mo las personas se desplazan en sus comunidades. Aunque cada empresa es \u00fanica, todas comparten una misma misi\u00f3n: ayudar a las personas a moverse en su vida diaria de manera eficiente y segura.<\/p>\n<p data-start=\"430\" data-end=\"695\">Juntas, brindamos soluciones innovadoras y centradas en el cliente, impulsadas por personas apasionadas que comprenden la importancia de la movilidad. Creemos en la innovaci\u00f3n con prop\u00f3sito, en el trabajo con sentido y en el crecimiento profesional a largo plazo.<\/p>\n<p>&nbsp;<\/p>\n<div id=\"attachment_376019\" style=\"width: 310px\" class=\"wp-caption alignleft\"><img decoding=\"async\" aria-describedby=\"caption-attachment-376019\" class=\"wp-image-376019 size-medium\" src=\"https:\/\/www.empresa1.com.br\/wp-content\/uploads\/2025\/09\/Modaxo-Logo-300x103.png\" alt=\"\" width=\"300\" height=\"103\" srcset=\"https:\/\/www.empresa1.com.br\/wp-content\/uploads\/2025\/09\/Modaxo-Logo-300x103.png 300w, https:\/\/www.empresa1.com.br\/wp-content\/uploads\/2025\/09\/Modaxo-Logo-768x263.png 768w, https:\/\/www.empresa1.com.br\/wp-content\/uploads\/2025\/09\/Modaxo-Logo.png 996w\" sizes=\"(max-width: 300px) 100vw, 300px\" \/><p id=\"caption-attachment-376019\" class=\"wp-caption-text\"><span style=\"color: #000000;\">en cifras:<\/span><\/p><\/div>\n<p><img decoding=\"async\" class=\"alignnone wp-image-376098 size-medium\" src=\"http:\/\/www.empresa1.com.br\/wp-content\/uploads\/2025\/10\/Modaxo-stats_PT-300x90.png\" alt=\"\" width=\"300\" height=\"90\" srcset=\"https:\/\/www.empresa1.com.br\/wp-content\/uploads\/2025\/10\/Modaxo-stats_PT-300x90.png 300w, https:\/\/www.empresa1.com.br\/wp-content\/uploads\/2025\/10\/Modaxo-stats_PT-768x229.png 768w, https:\/\/www.empresa1.com.br\/wp-content\/uploads\/2025\/10\/Modaxo-stats_PT.png 854w\" sizes=\"(max-width: 300px) 100vw, 300px\" \/><\/p>\n<p>&nbsp;<\/p>\n<p>&nbsp;<\/p>\n<p><strong>El Diferencial Modaxo<\/strong><\/p>\n<p><img decoding=\"async\" class=\" wp-image-376022 alignright\" src=\"https:\/\/www.empresa1.com.br\/wp-content\/uploads\/2025\/09\/Site-E1-Modaxo-300x200.png\" alt=\"\" width=\"381\" height=\"254\" srcset=\"https:\/\/www.empresa1.com.br\/wp-content\/uploads\/2025\/09\/Site-E1-Modaxo-300x200.png 300w, https:\/\/www.empresa1.com.br\/wp-content\/uploads\/2025\/09\/Site-E1-Modaxo-1024x683.png 1024w, https:\/\/www.empresa1.com.br\/wp-content\/uploads\/2025\/09\/Site-E1-Modaxo-768x512.png 768w, https:\/\/www.empresa1.com.br\/wp-content\/uploads\/2025\/09\/Site-E1-Modaxo.png 1254w\" sizes=\"(max-width: 381px) 100vw, 381px\" \/><\/p>\n<p>Combinamos una visi\u00f3n global y las mejores pr\u00e1cticas con un profundo conocimiento y experiencia locales. Nuestros equipos desarrollan soluciones adaptadas a las necesidades regionales, respaldadas por una red global que comparte conocimiento y fomenta la innovaci\u00f3n. Pensamos globalmente y actuamos localmente.<\/p>\n<p><strong>Modaxo es m\u00e1s que un nombre \u2014 es una visi\u00f3n.<\/strong><\/p>\n<p>Juntos, estamos conectando personas, fortaleciendo negocios e impulsando el futuro de la movilidad.<\/p>\n<p>&nbsp;<\/p>\n<p style=\"text-align: center; margin: 0 0 10px; line-height: 1; letter-spacing: -0.5px;\"><strong>Conoce m\u00e1s en<\/strong><\/p>\n<div style=\"text-align: center; clear: both; margin-top: 2px;\"><a class=\"btn\" style=\"display: inline-block; padding: 7px 38px; line-height: 0.98; background-color: #58307b; color: #ffffff !important; font-weight: bold; text-decoration: none; border-radius: 30px; font-family: Arial, sans-serif;\" href=\"https:\/\/modaxo.com\/es\/\" target=\"_blank\" rel=\"noopener\">modaxo.com<br \/>\n<\/a><\/div>\n","protected":false},"excerpt":{"rendered":"<p>&nbsp; Empresa 1 forma parte del grupo Modaxo: Somos Modaxo \u2014 un colectivo global de empresas de tecnolog\u00eda apasionadas por mover a las personas del mundo. La Fam\u00edlia Modaxo: Nuestras Empresas \u2013 Ver Todas Modaxo adquiere, fortalece y hace crecer empresas de tecnolog\u00eda que posibilitan el desplazamiento diario de las personas \u2014 y nunca las [&hellip;]<\/p>\n","protected":false},"author":11,"featured_media":0,"parent":0,"menu_order":0,"comment_status":"closed","ping_status":"closed","template":"","meta":{"_acf_changed":false,"footnotes":""},"class_list":["post-376101","page","type-page","status-publish","hentry"],"acf":[],"yoast_head":"<!-- This site is optimized with the Yoast SEO plugin v27.5 - https:\/\/yoast.com\/product\/yoast-seo-wordpress\/ -->\n<title>#SomosModaxo - Empresa 1<\/title>\n<meta name=\"description\" content=\"Somos Modaxo \u2014 un colectivo global de empresas de tecnolog\u00eda apasionadas por mover a las personas del mundo.\" \/>\n<meta name=\"robots\" content=\"index, follow, max-snippet:-1, max-image-preview:large, max-video-preview:-1\" \/>\n<link rel=\"canonical\" href=\"https:\/\/www.empresa1.com.br\/es\/somosmodaxo\/\" \/>\n<meta property=\"og:locale\" content=\"es_ES\" \/>\n<meta property=\"og:type\" content=\"article\" \/>\n<meta property=\"og:title\" content=\"#SomosModaxo - Empresa 1\" \/>\n<meta property=\"og:description\" content=\"Somos Modaxo \u2014 un colectivo global de empresas de tecnolog\u00eda apasionadas por mover a las personas del mundo.\" \/>\n<meta property=\"og:url\" content=\"https:\/\/www.empresa1.com.br\/es\/somosmodaxo\/\" \/>\n<meta property=\"og:site_name\" content=\"Empresa 1\" \/>\n<meta property=\"article:publisher\" content=\"https:\/\/www.facebook.com\/Empresa-1-474693149298847\/\" \/>\n<meta property=\"article:modified_time\" content=\"2025-10-20T13:02:02+00:00\" \/>\n<meta property=\"og:image\" content=\"https:\/\/www.empresa1.com.br\/wp-content\/uploads\/2025\/09\/Modaxo-Logo.png\" \/>\n\t<meta property=\"og:image:width\" content=\"996\" \/>\n\t<meta property=\"og:image:height\" content=\"341\" \/>\n\t<meta property=\"og:image:type\" content=\"image\/png\" \/>\n<meta name=\"twitter:card\" content=\"summary_large_image\" \/>\n<meta name=\"twitter:label1\" content=\"Tiempo de lectura\" \/>\n\t<meta name=\"twitter:data1\" content=\"2 minutos\" \/>\n<script type=\"application\/ld+json\" class=\"yoast-schema-graph\">{\"@context\":\"https:\\\/\\\/schema.org\",\"@graph\":[{\"@type\":\"WebPage\",\"@id\":\"https:\\\/\\\/www.empresa1.com.br\\\/es\\\/somosmodaxo\\\/\",\"url\":\"https:\\\/\\\/www.empresa1.com.br\\\/es\\\/somosmodaxo\\\/\",\"name\":\"#SomosModaxo - Empresa 1\",\"isPartOf\":{\"@id\":\"https:\\\/\\\/www.empresa1.com.br\\\/#website\"},\"primaryImageOfPage\":{\"@id\":\"https:\\\/\\\/www.empresa1.com.br\\\/es\\\/somosmodaxo\\\/#primaryimage\"},\"image\":{\"@id\":\"https:\\\/\\\/www.empresa1.com.br\\\/es\\\/somosmodaxo\\\/#primaryimage\"},\"thumbnailUrl\":\"https:\\\/\\\/www.empresa1.com.br\\\/wp-content\\\/uploads\\\/2025\\\/09\\\/Modaxo-Logo-300x103.png\",\"datePublished\":\"2025-10-20T12:07:35+00:00\",\"dateModified\":\"2025-10-20T13:02:02+00:00\",\"description\":\"Somos Modaxo \u2014 un colectivo global de empresas de tecnolog\u00eda apasionadas por mover a las personas del mundo.\",\"breadcrumb\":{\"@id\":\"https:\\\/\\\/www.empresa1.com.br\\\/es\\\/somosmodaxo\\\/#breadcrumb\"},\"inLanguage\":\"es\",\"potentialAction\":[{\"@type\":\"ReadAction\",\"target\":[\"https:\\\/\\\/www.empresa1.com.br\\\/es\\\/somosmodaxo\\\/\"]}]},{\"@type\":\"ImageObject\",\"inLanguage\":\"es\",\"@id\":\"https:\\\/\\\/www.empresa1.com.br\\\/es\\\/somosmodaxo\\\/#primaryimage\",\"url\":\"https:\\\/\\\/www.empresa1.com.br\\\/wp-content\\\/uploads\\\/2025\\\/09\\\/Modaxo-Logo-300x103.png\",\"contentUrl\":\"https:\\\/\\\/www.empresa1.com.br\\\/wp-content\\\/uploads\\\/2025\\\/09\\\/Modaxo-Logo-300x103.png\"},{\"@type\":\"BreadcrumbList\",\"@id\":\"https:\\\/\\\/www.empresa1.com.br\\\/es\\\/somosmodaxo\\\/#breadcrumb\",\"itemListElement\":[{\"@type\":\"ListItem\",\"position\":1,\"name\":\"Home\",\"item\":\"https:\\\/\\\/www.empresa1.com.br\\\/es\\\/\"},{\"@type\":\"ListItem\",\"position\":2,\"name\":\"#SomosModaxo\"}]},{\"@type\":\"WebSite\",\"@id\":\"https:\\\/\\\/www.empresa1.com.br\\\/#website\",\"url\":\"https:\\\/\\\/www.empresa1.com.br\\\/\",\"name\":\"Empresa 1\",\"description\":\"Solu\u00e7\u00f5es tecnol\u00f3gicas para transporte publico\",\"publisher\":{\"@id\":\"https:\\\/\\\/www.empresa1.com.br\\\/#organization\"},\"potentialAction\":[{\"@type\":\"SearchAction\",\"target\":{\"@type\":\"EntryPoint\",\"urlTemplate\":\"https:\\\/\\\/www.empresa1.com.br\\\/?s={search_term_string}\"},\"query-input\":{\"@type\":\"PropertyValueSpecification\",\"valueRequired\":true,\"valueName\":\"search_term_string\"}}],\"inLanguage\":\"es\"},{\"@type\":\"Organization\",\"@id\":\"https:\\\/\\\/www.empresa1.com.br\\\/#organization\",\"name\":\"Empresa 1\",\"url\":\"https:\\\/\\\/www.empresa1.com.br\\\/\",\"logo\":{\"@type\":\"ImageObject\",\"inLanguage\":\"es\",\"@id\":\"https:\\\/\\\/www.empresa1.com.br\\\/#\\\/schema\\\/logo\\\/image\\\/\",\"url\":\"https:\\\/\\\/www.empresa1.com.br\\\/wp-content\\\/uploads\\\/2019\\\/11\\\/empresa-1-logo.svg\",\"contentUrl\":\"https:\\\/\\\/www.empresa1.com.br\\\/wp-content\\\/uploads\\\/2019\\\/11\\\/empresa-1-logo.svg\",\"width\":1,\"height\":1,\"caption\":\"Empresa 1\"},\"image\":{\"@id\":\"https:\\\/\\\/www.empresa1.com.br\\\/#\\\/schema\\\/logo\\\/image\\\/\"},\"sameAs\":[\"https:\\\/\\\/www.facebook.com\\\/Empresa-1-474693149298847\\\/\",\"https:\\\/\\\/www.instagram.com\\\/empresa1tec\\\/\",\"https:\\\/\\\/www.linkedin.com\\\/company\\\/empresa-1\\\/\",\"https:\\\/\\\/www.youtube.com\\\/user\\\/Empresa1marketing\"]}]}<\/script>\n<!-- \/ Yoast SEO plugin. -->","yoast_head_json":{"title":"#SomosModaxo - Empresa 1","description":"Somos Modaxo \u2014 un colectivo global de empresas de tecnolog\u00eda apasionadas por mover a las personas del mundo.","robots":{"index":"index","follow":"follow","max-snippet":"max-snippet:-1","max-image-preview":"max-image-preview:large","max-video-preview":"max-video-preview:-1"},"canonical":"https:\/\/www.empresa1.com.br\/es\/somosmodaxo\/","og_locale":"es_ES","og_type":"article","og_title":"#SomosModaxo - Empresa 1","og_description":"Somos Modaxo \u2014 un colectivo global de empresas de tecnolog\u00eda apasionadas por mover a las personas del mundo.","og_url":"https:\/\/www.empresa1.com.br\/es\/somosmodaxo\/","og_site_name":"Empresa 1","article_publisher":"https:\/\/www.facebook.com\/Empresa-1-474693149298847\/","article_modified_time":"2025-10-20T13:02:02+00:00","og_image":[{"width":996,"height":341,"url":"https:\/\/www.empresa1.com.br\/wp-content\/uploads\/2025\/09\/Modaxo-Logo.png","type":"image\/png"}],"twitter_card":"summary_large_image","twitter_misc":{"Tiempo de lectura":"2 minutos"},"schema":{"@context":"https:\/\/schema.org","@graph":[{"@type":"WebPage","@id":"https:\/\/www.empresa1.com.br\/es\/somosmodaxo\/","url":"https:\/\/www.empresa1.com.br\/es\/somosmodaxo\/","name":"#SomosModaxo - Empresa 1","isPartOf":{"@id":"https:\/\/www.empresa1.com.br\/#website"},"primaryImageOfPage":{"@id":"https:\/\/www.empresa1.com.br\/es\/somosmodaxo\/#primaryimage"},"image":{"@id":"https:\/\/www.empresa1.com.br\/es\/somosmodaxo\/#primaryimage"},"thumbnailUrl":"https:\/\/www.empresa1.com.br\/wp-content\/uploads\/2025\/09\/Modaxo-Logo-300x103.png","datePublished":"2025-10-20T12:07:35+00:00","dateModified":"2025-10-20T13:02:02+00:00","description":"Somos Modaxo \u2014 un colectivo global de empresas de tecnolog\u00eda apasionadas por mover a las personas del mundo.","breadcrumb":{"@id":"https:\/\/www.empresa1.com.br\/es\/somosmodaxo\/#breadcrumb"},"inLanguage":"es","potentialAction":[{"@type":"ReadAction","target":["https:\/\/www.empresa1.com.br\/es\/somosmodaxo\/"]}]},{"@type":"ImageObject","inLanguage":"es","@id":"https:\/\/www.empresa1.com.br\/es\/somosmodaxo\/#primaryimage","url":"https:\/\/www.empresa1.com.br\/wp-content\/uploads\/2025\/09\/Modaxo-Logo-300x103.png","contentUrl":"https:\/\/www.empresa1.com.br\/wp-content\/uploads\/2025\/09\/Modaxo-Logo-300x103.png"},{"@type":"BreadcrumbList","@id":"https:\/\/www.empresa1.com.br\/es\/somosmodaxo\/#breadcrumb","itemListElement":[{"@type":"ListItem","position":1,"name":"Home","item":"https:\/\/www.empresa1.com.br\/es\/"},{"@type":"ListItem","position":2,"name":"#SomosModaxo"}]},{"@type":"WebSite","@id":"https:\/\/www.empresa1.com.br\/#website","url":"https:\/\/www.empresa1.com.br\/","name":"Empresa 1","description":"Solu\u00e7\u00f5es tecnol\u00f3gicas para transporte publico","publisher":{"@id":"https:\/\/www.empresa1.com.br\/#organization"},"potentialAction":[{"@type":"SearchAction","target":{"@type":"EntryPoint","urlTemplate":"https:\/\/www.empresa1.com.br\/?s={search_term_string}"},"query-input":{"@type":"PropertyValueSpecification","valueRequired":true,"valueName":"search_term_string"}}],"inLanguage":"es"},{"@type":"Organization","@id":"https:\/\/www.empresa1.com.br\/#organization","name":"Empresa 1","url":"https:\/\/www.empresa1.com.br\/","logo":{"@type":"ImageObject","inLanguage":"es","@id":"https:\/\/www.empresa1.com.br\/#\/schema\/logo\/image\/","url":"https:\/\/www.empresa1.com.br\/wp-content\/uploads\/2019\/11\/empresa-1-logo.svg","contentUrl":"https:\/\/www.empresa1.com.br\/wp-content\/uploads\/2019\/11\/empresa-1-logo.svg","width":1,"height":1,"caption":"Empresa 1"},"image":{"@id":"https:\/\/www.empresa1.com.br\/#\/schema\/logo\/image\/"},"sameAs":["https:\/\/www.facebook.com\/Empresa-1-474693149298847\/","https:\/\/www.instagram.com\/empresa1tec\/","https:\/\/www.linkedin.com\/company\/empresa-1\/","https:\/\/www.youtube.com\/user\/Empresa1marketing"]}]}},"_links":{"self":[{"href":"https:\/\/www.empresa1.com.br\/es\/wp-json\/wp\/v2\/pages\/376101","targetHints":{"allow":["GET"]}}],"collection":[{"href":"https:\/\/www.empresa1.com.br\/es\/wp-json\/wp\/v2\/pages"}],"about":[{"href":"https:\/\/www.empresa1.com.br\/es\/wp-json\/wp\/v2\/types\/page"}],"author":[{"embeddable":true,"href":"https:\/\/www.empresa1.com.br\/es\/wp-json\/wp\/v2\/users\/11"}],"replies":[{"embeddable":true,"href":"https:\/\/www.empresa1.com.br\/es\/wp-json\/wp\/v2\/comments?post=376101"}],"version-history":[{"count":0,"href":"https:\/\/www.empresa1.com.br\/es\/wp-json\/wp\/v2\/pages\/376101\/revisions"}],"wp:attachment":[{"href":"https:\/\/www.empresa1.com.br\/es\/wp-json\/wp\/v2\/media?parent=376101"}],"curies":[{"name":"wp","href":"https:\/\/api.w.org\/{rel}","templated":true}]}}