{"id":376015,"date":"2025-10-06T11:23:47","date_gmt":"2025-10-06T14:23:47","guid":{"rendered":"https:\/\/www.empresa1.com.br\/?page_id=376015"},"modified":"2025-10-06T13:27:00","modified_gmt":"2025-10-06T16:27:00","slug":"wearemodaxo","status":"publish","type":"page","link":"https:\/\/www.empresa1.com.br\/en\/wearemodaxo\/","title":{"rendered":"#WeAreModaxo"},"content":{"rendered":"<p>&nbsp;<\/p>\n<p><strong>Empresa 1 is part of Modaxo:<\/strong><\/p>\n<p>We are Modaxo \u2014 a global collective of technology companies passionate about moving the world\u2019s people.<\/p>\n<p><strong>The Modaxo Family: <a href=\"https:\/\/modaxo.com\/people-transportation-brands\/\">Our Businesses \u2013 View All<\/a><\/strong><\/p>\n<p>Modaxo acquires, strengthens and grows technology companies that enable the daily movement of people \u2014 and we never sell them.<\/p>\n<p>Modaxo businesses offer technology solutions that support all aspects of how people move about their community. \u00a0While each business is unique, they share a mission: helping people move about their daily lives efficiently and safely.<\/p>\n<p>Together, we deliver innovative, customer-focused solutions driven by passionate people who understand the importance of mobility. We believe in purposeful innovation, meaningful work, and long-term career growth.<\/p>\n<p>&nbsp;<\/p>\n<div id=\"attachment_376019\" style=\"width: 310px\" class=\"wp-caption alignleft\"><img decoding=\"async\" aria-describedby=\"caption-attachment-376019\" class=\"wp-image-376019 size-medium\" src=\"https:\/\/www.empresa1.com.br\/wp-content\/uploads\/2025\/09\/Modaxo-Logo-300x103.png\" alt=\"\" width=\"300\" height=\"103\" srcset=\"https:\/\/www.empresa1.com.br\/wp-content\/uploads\/2025\/09\/Modaxo-Logo-300x103.png 300w, https:\/\/www.empresa1.com.br\/wp-content\/uploads\/2025\/09\/Modaxo-Logo-768x263.png 768w, https:\/\/www.empresa1.com.br\/wp-content\/uploads\/2025\/09\/Modaxo-Logo.png 996w\" sizes=\"(max-width: 300px) 100vw, 300px\" \/><p id=\"caption-attachment-376019\" class=\"wp-caption-text\"><span style=\"color: #000000;\">in numbers:<\/span><\/p><\/div>\n<p><img decoding=\"async\" class=\" wp-image-376016 alignleft\" src=\"https:\/\/www.empresa1.com.br\/wp-content\/uploads\/2025\/09\/Modaxo-stats-300x90.png\" alt=\"\" width=\"423\" height=\"127\" srcset=\"https:\/\/www.empresa1.com.br\/wp-content\/uploads\/2025\/09\/Modaxo-stats-300x90.png 300w, https:\/\/www.empresa1.com.br\/wp-content\/uploads\/2025\/09\/Modaxo-stats-768x229.png 768w, https:\/\/www.empresa1.com.br\/wp-content\/uploads\/2025\/09\/Modaxo-stats.png 854w\" sizes=\"(max-width: 423px) 100vw, 423px\" \/><\/p>\n<p>&nbsp;<\/p>\n<p>&nbsp;<\/p>\n<p>&nbsp;<\/p>\n<p>&nbsp;<\/p>\n<p>&nbsp;<\/p>\n<p><strong>The Modaxo Difference<\/strong><\/p>\n<p><img decoding=\"async\" class=\" wp-image-376022 alignright\" src=\"https:\/\/www.empresa1.com.br\/wp-content\/uploads\/2025\/09\/Site-E1-Modaxo-300x200.png\" alt=\"\" width=\"381\" height=\"254\" srcset=\"https:\/\/www.empresa1.com.br\/wp-content\/uploads\/2025\/09\/Site-E1-Modaxo-300x200.png 300w, https:\/\/www.empresa1.com.br\/wp-content\/uploads\/2025\/09\/Site-E1-Modaxo-1024x683.png 1024w, https:\/\/www.empresa1.com.br\/wp-content\/uploads\/2025\/09\/Site-E1-Modaxo-768x512.png 768w, https:\/\/www.empresa1.com.br\/wp-content\/uploads\/2025\/09\/Site-E1-Modaxo.png 1254w\" sizes=\"(max-width: 381px) 100vw, 381px\" \/><\/p>\n<p>We combine global insight and best practices with deep local\u00a0knowledge\u00a0and expertise. Our teams deliver solutions tailored to regional needs, supported by a global network<\/p>\n<p>that shares knowledge and drives innovation. Thinking globally and acting locally.<\/p>\n<p><strong>Modaxo is more than a name \u2014 it\u2019s a vision.<\/strong><\/p>\n<p>Together, we\u2019re connecting people, empowering businesses, and driving the future of mobility.<\/p>\n<p>&nbsp;<\/p>\n<p style=\"text-align: center; margin: 0 0 10px; line-height: 1; letter-spacing: -0.5px;\"><strong>Find out more at<\/strong><\/p>\n<div style=\"text-align: center; clear: both; margin-top: 2px;\"><a class=\"btn\" style=\"display: inline-block; padding: 7px 38px; line-height: 0.98; background-color: #58307b; color: #ffffff !important; font-weight: bold; text-decoration: none; border-radius: 30px; font-family: Arial, sans-serif;\" href=\"https:\/\/modaxo.com\" target=\"_blank\" rel=\"noopener\">modaxo.com<br \/>\n<\/a><\/div>\n","protected":false},"excerpt":{"rendered":"<p>&nbsp; Empresa 1 is part of Modaxo: We are Modaxo \u2014 a global collective of technology companies passionate about moving the world\u2019s people. The Modaxo Family: Our Businesses \u2013 View All Modaxo acquires, strengthens and grows technology companies that enable the daily movement of people \u2014 and we never sell them. Modaxo businesses offer technology [&hellip;]<\/p>\n","protected":false},"author":11,"featured_media":0,"parent":0,"menu_order":0,"comment_status":"closed","ping_status":"closed","template":"","meta":{"_acf_changed":false,"footnotes":""},"class_list":["post-376015","page","type-page","status-publish","hentry"],"acf":[],"yoast_head":"<!-- This site is optimized with the Yoast SEO plugin v27.5 - https:\/\/yoast.com\/product\/yoast-seo-wordpress\/ -->\n<title>#WeAreModaxo - Empresa 1<\/title>\n<meta name=\"robots\" content=\"index, follow, max-snippet:-1, max-image-preview:large, max-video-preview:-1\" \/>\n<link rel=\"canonical\" href=\"https:\/\/www.empresa1.com.br\/en\/wearemodaxo\/\" \/>\n<meta property=\"og:locale\" content=\"en_US\" \/>\n<meta property=\"og:type\" content=\"article\" \/>\n<meta property=\"og:title\" content=\"#WeAreModaxo - Empresa 1\" \/>\n<meta property=\"og:description\" content=\"&nbsp; Empresa 1 is part of Modaxo: We are Modaxo \u2014 a global collective of technology companies passionate about moving the world\u2019s people. The Modaxo Family: Our Businesses \u2013 View All Modaxo acquires, strengthens and grows technology companies that enable the daily movement of people \u2014 and we never sell them. Modaxo businesses offer technology [&hellip;]\" \/>\n<meta property=\"og:url\" content=\"https:\/\/www.empresa1.com.br\/en\/wearemodaxo\/\" \/>\n<meta property=\"og:site_name\" content=\"Empresa 1\" \/>\n<meta property=\"article:publisher\" content=\"https:\/\/www.facebook.com\/Empresa-1-474693149298847\/\" \/>\n<meta property=\"article:modified_time\" content=\"2025-10-06T16:27:00+00:00\" \/>\n<meta property=\"og:image\" content=\"https:\/\/www.empresa1.com.br\/wp-content\/uploads\/2025\/09\/Modaxo-Logo.png\" \/>\n\t<meta property=\"og:image:width\" content=\"996\" \/>\n\t<meta property=\"og:image:height\" content=\"341\" \/>\n\t<meta property=\"og:image:type\" content=\"image\/png\" \/>\n<meta name=\"twitter:card\" content=\"summary_large_image\" \/>\n<meta name=\"twitter:label1\" content=\"Est. reading time\" \/>\n\t<meta name=\"twitter:data1\" content=\"2 minutes\" \/>\n<script type=\"application\/ld+json\" class=\"yoast-schema-graph\">{\"@context\":\"https:\\\/\\\/schema.org\",\"@graph\":[{\"@type\":\"WebPage\",\"@id\":\"https:\\\/\\\/www.empresa1.com.br\\\/en\\\/wearemodaxo\\\/\",\"url\":\"https:\\\/\\\/www.empresa1.com.br\\\/en\\\/wearemodaxo\\\/\",\"name\":\"#WeAreModaxo - Empresa 1\",\"isPartOf\":{\"@id\":\"https:\\\/\\\/www.empresa1.com.br\\\/#website\"},\"primaryImageOfPage\":{\"@id\":\"https:\\\/\\\/www.empresa1.com.br\\\/en\\\/wearemodaxo\\\/#primaryimage\"},\"image\":{\"@id\":\"https:\\\/\\\/www.empresa1.com.br\\\/en\\\/wearemodaxo\\\/#primaryimage\"},\"thumbnailUrl\":\"https:\\\/\\\/www.empresa1.com.br\\\/wp-content\\\/uploads\\\/2025\\\/09\\\/Modaxo-Logo-300x103.png\",\"datePublished\":\"2025-10-06T14:23:47+00:00\",\"dateModified\":\"2025-10-06T16:27:00+00:00\",\"breadcrumb\":{\"@id\":\"https:\\\/\\\/www.empresa1.com.br\\\/en\\\/wearemodaxo\\\/#breadcrumb\"},\"inLanguage\":\"en-US\",\"potentialAction\":[{\"@type\":\"ReadAction\",\"target\":[\"https:\\\/\\\/www.empresa1.com.br\\\/en\\\/wearemodaxo\\\/\"]}]},{\"@type\":\"ImageObject\",\"inLanguage\":\"en-US\",\"@id\":\"https:\\\/\\\/www.empresa1.com.br\\\/en\\\/wearemodaxo\\\/#primaryimage\",\"url\":\"https:\\\/\\\/www.empresa1.com.br\\\/wp-content\\\/uploads\\\/2025\\\/09\\\/Modaxo-Logo-300x103.png\",\"contentUrl\":\"https:\\\/\\\/www.empresa1.com.br\\\/wp-content\\\/uploads\\\/2025\\\/09\\\/Modaxo-Logo-300x103.png\"},{\"@type\":\"BreadcrumbList\",\"@id\":\"https:\\\/\\\/www.empresa1.com.br\\\/en\\\/wearemodaxo\\\/#breadcrumb\",\"itemListElement\":[{\"@type\":\"ListItem\",\"position\":1,\"name\":\"Home\",\"item\":\"https:\\\/\\\/www.empresa1.com.br\\\/en\\\/\"},{\"@type\":\"ListItem\",\"position\":2,\"name\":\"#WeAreModaxo\"}]},{\"@type\":\"WebSite\",\"@id\":\"https:\\\/\\\/www.empresa1.com.br\\\/#website\",\"url\":\"https:\\\/\\\/www.empresa1.com.br\\\/\",\"name\":\"Empresa 1\",\"description\":\"Solu\u00e7\u00f5es tecnol\u00f3gicas para transporte publico\",\"publisher\":{\"@id\":\"https:\\\/\\\/www.empresa1.com.br\\\/#organization\"},\"potentialAction\":[{\"@type\":\"SearchAction\",\"target\":{\"@type\":\"EntryPoint\",\"urlTemplate\":\"https:\\\/\\\/www.empresa1.com.br\\\/?s={search_term_string}\"},\"query-input\":{\"@type\":\"PropertyValueSpecification\",\"valueRequired\":true,\"valueName\":\"search_term_string\"}}],\"inLanguage\":\"en-US\"},{\"@type\":\"Organization\",\"@id\":\"https:\\\/\\\/www.empresa1.com.br\\\/#organization\",\"name\":\"Empresa 1\",\"url\":\"https:\\\/\\\/www.empresa1.com.br\\\/\",\"logo\":{\"@type\":\"ImageObject\",\"inLanguage\":\"en-US\",\"@id\":\"https:\\\/\\\/www.empresa1.com.br\\\/#\\\/schema\\\/logo\\\/image\\\/\",\"url\":\"https:\\\/\\\/www.empresa1.com.br\\\/wp-content\\\/uploads\\\/2019\\\/11\\\/empresa-1-logo.svg\",\"contentUrl\":\"https:\\\/\\\/www.empresa1.com.br\\\/wp-content\\\/uploads\\\/2019\\\/11\\\/empresa-1-logo.svg\",\"width\":1,\"height\":1,\"caption\":\"Empresa 1\"},\"image\":{\"@id\":\"https:\\\/\\\/www.empresa1.com.br\\\/#\\\/schema\\\/logo\\\/image\\\/\"},\"sameAs\":[\"https:\\\/\\\/www.facebook.com\\\/Empresa-1-474693149298847\\\/\",\"https:\\\/\\\/www.instagram.com\\\/empresa1tec\\\/\",\"https:\\\/\\\/www.linkedin.com\\\/company\\\/empresa-1\\\/\",\"https:\\\/\\\/www.youtube.com\\\/user\\\/Empresa1marketing\"]}]}<\/script>\n<!-- \/ Yoast SEO plugin. -->","yoast_head_json":{"title":"#WeAreModaxo - Empresa 1","robots":{"index":"index","follow":"follow","max-snippet":"max-snippet:-1","max-image-preview":"max-image-preview:large","max-video-preview":"max-video-preview:-1"},"canonical":"https:\/\/www.empresa1.com.br\/en\/wearemodaxo\/","og_locale":"en_US","og_type":"article","og_title":"#WeAreModaxo - Empresa 1","og_description":"&nbsp; Empresa 1 is part of Modaxo: We are Modaxo \u2014 a global collective of technology companies passionate about moving the world\u2019s people. The Modaxo Family: Our Businesses \u2013 View All Modaxo acquires, strengthens and grows technology companies that enable the daily movement of people \u2014 and we never sell them. Modaxo businesses offer technology [&hellip;]","og_url":"https:\/\/www.empresa1.com.br\/en\/wearemodaxo\/","og_site_name":"Empresa 1","article_publisher":"https:\/\/www.facebook.com\/Empresa-1-474693149298847\/","article_modified_time":"2025-10-06T16:27:00+00:00","og_image":[{"width":996,"height":341,"url":"https:\/\/www.empresa1.com.br\/wp-content\/uploads\/2025\/09\/Modaxo-Logo.png","type":"image\/png"}],"twitter_card":"summary_large_image","twitter_misc":{"Est. reading time":"2 minutes"},"schema":{"@context":"https:\/\/schema.org","@graph":[{"@type":"WebPage","@id":"https:\/\/www.empresa1.com.br\/en\/wearemodaxo\/","url":"https:\/\/www.empresa1.com.br\/en\/wearemodaxo\/","name":"#WeAreModaxo - Empresa 1","isPartOf":{"@id":"https:\/\/www.empresa1.com.br\/#website"},"primaryImageOfPage":{"@id":"https:\/\/www.empresa1.com.br\/en\/wearemodaxo\/#primaryimage"},"image":{"@id":"https:\/\/www.empresa1.com.br\/en\/wearemodaxo\/#primaryimage"},"thumbnailUrl":"https:\/\/www.empresa1.com.br\/wp-content\/uploads\/2025\/09\/Modaxo-Logo-300x103.png","datePublished":"2025-10-06T14:23:47+00:00","dateModified":"2025-10-06T16:27:00+00:00","breadcrumb":{"@id":"https:\/\/www.empresa1.com.br\/en\/wearemodaxo\/#breadcrumb"},"inLanguage":"en-US","potentialAction":[{"@type":"ReadAction","target":["https:\/\/www.empresa1.com.br\/en\/wearemodaxo\/"]}]},{"@type":"ImageObject","inLanguage":"en-US","@id":"https:\/\/www.empresa1.com.br\/en\/wearemodaxo\/#primaryimage","url":"https:\/\/www.empresa1.com.br\/wp-content\/uploads\/2025\/09\/Modaxo-Logo-300x103.png","contentUrl":"https:\/\/www.empresa1.com.br\/wp-content\/uploads\/2025\/09\/Modaxo-Logo-300x103.png"},{"@type":"BreadcrumbList","@id":"https:\/\/www.empresa1.com.br\/en\/wearemodaxo\/#breadcrumb","itemListElement":[{"@type":"ListItem","position":1,"name":"Home","item":"https:\/\/www.empresa1.com.br\/en\/"},{"@type":"ListItem","position":2,"name":"#WeAreModaxo"}]},{"@type":"WebSite","@id":"https:\/\/www.empresa1.com.br\/#website","url":"https:\/\/www.empresa1.com.br\/","name":"Empresa 1","description":"Solu\u00e7\u00f5es tecnol\u00f3gicas para transporte publico","publisher":{"@id":"https:\/\/www.empresa1.com.br\/#organization"},"potentialAction":[{"@type":"SearchAction","target":{"@type":"EntryPoint","urlTemplate":"https:\/\/www.empresa1.com.br\/?s={search_term_string}"},"query-input":{"@type":"PropertyValueSpecification","valueRequired":true,"valueName":"search_term_string"}}],"inLanguage":"en-US"},{"@type":"Organization","@id":"https:\/\/www.empresa1.com.br\/#organization","name":"Empresa 1","url":"https:\/\/www.empresa1.com.br\/","logo":{"@type":"ImageObject","inLanguage":"en-US","@id":"https:\/\/www.empresa1.com.br\/#\/schema\/logo\/image\/","url":"https:\/\/www.empresa1.com.br\/wp-content\/uploads\/2019\/11\/empresa-1-logo.svg","contentUrl":"https:\/\/www.empresa1.com.br\/wp-content\/uploads\/2019\/11\/empresa-1-logo.svg","width":1,"height":1,"caption":"Empresa 1"},"image":{"@id":"https:\/\/www.empresa1.com.br\/#\/schema\/logo\/image\/"},"sameAs":["https:\/\/www.facebook.com\/Empresa-1-474693149298847\/","https:\/\/www.instagram.com\/empresa1tec\/","https:\/\/www.linkedin.com\/company\/empresa-1\/","https:\/\/www.youtube.com\/user\/Empresa1marketing"]}]}},"_links":{"self":[{"href":"https:\/\/www.empresa1.com.br\/en\/wp-json\/wp\/v2\/pages\/376015","targetHints":{"allow":["GET"]}}],"collection":[{"href":"https:\/\/www.empresa1.com.br\/en\/wp-json\/wp\/v2\/pages"}],"about":[{"href":"https:\/\/www.empresa1.com.br\/en\/wp-json\/wp\/v2\/types\/page"}],"author":[{"embeddable":true,"href":"https:\/\/www.empresa1.com.br\/en\/wp-json\/wp\/v2\/users\/11"}],"replies":[{"embeddable":true,"href":"https:\/\/www.empresa1.com.br\/en\/wp-json\/wp\/v2\/comments?post=376015"}],"version-history":[{"count":0,"href":"https:\/\/www.empresa1.com.br\/en\/wp-json\/wp\/v2\/pages\/376015\/revisions"}],"wp:attachment":[{"href":"https:\/\/www.empresa1.com.br\/en\/wp-json\/wp\/v2\/media?parent=376015"}],"curies":[{"name":"wp","href":"https:\/\/api.w.org\/{rel}","templated":true}]}}